{"id":21,"date":"2020-08-19T09:53:49","date_gmt":"2020-08-19T12:53:49","guid":{"rendered":"https:\/\/dnaconteudo.com\/?page_id=21"},"modified":"2020-09-16T07:59:35","modified_gmt":"2020-09-16T10:59:35","slug":"blog","status":"publish","type":"page","link":"https:\/\/www.dnaconteudo.com\/?page_id=21","title":{"rendered":"Blog"},"content":{"rendered":"","protected":false},"excerpt":{"rendered":"","protected":false},"author":1,"featured_media":0,"parent":0,"menu_order":0,"comment_status":"closed","ping_status":"closed","template":"template-blog.php","meta":{"inline_featured_image":false,"footnotes":""},"class_list":["post-21","page","type-page","status-publish","hentry"],"yoast_head":"<!-- This site is optimized with the Yoast SEO plugin v19.6.1 - https:\/\/yoast.com\/wordpress\/plugins\/seo\/ -->\n<title>Blog - DNA Conte\u00fado<\/title>\n<meta name=\"robots\" content=\"index, follow, max-snippet:-1, max-image-preview:large, max-video-preview:-1\" \/>\n<link rel=\"canonical\" href=\"https:\/\/dnaconteudo.com\/?page_id=21\" \/>\n<meta property=\"og:locale\" content=\"pt_BR\" \/>\n<meta property=\"og:type\" content=\"article\" \/>\n<meta property=\"og:title\" content=\"Blog - DNA Conte\u00fado\" \/>\n<meta property=\"og:url\" content=\"https:\/\/dnaconteudo.com\/?page_id=21\" \/>\n<meta property=\"og:site_name\" content=\"DNA Conte\u00fado\" \/>\n<meta property=\"article:modified_time\" content=\"2020-09-16T10:59:35+00:00\" \/>\n<meta name=\"twitter:card\" content=\"summary_large_image\" \/>\n<script type=\"application\/ld+json\" class=\"yoast-schema-graph\">{\"@context\":\"https:\/\/schema.org\",\"@graph\":[{\"@type\":\"WebPage\",\"@id\":\"https:\/\/dnaconteudo.com\/?page_id=21\",\"url\":\"https:\/\/dnaconteudo.com\/?page_id=21\",\"name\":\"Blog - DNA Conte\u00fado\",\"isPartOf\":{\"@id\":\"https:\/\/dnaconteudo.com\/#website\"},\"datePublished\":\"2020-08-19T12:53:49+00:00\",\"dateModified\":\"2020-09-16T10:59:35+00:00\",\"breadcrumb\":{\"@id\":\"https:\/\/dnaconteudo.com\/?page_id=21#breadcrumb\"},\"inLanguage\":\"pt-BR\",\"potentialAction\":[{\"@type\":\"ReadAction\",\"target\":[\"https:\/\/dnaconteudo.com\/?page_id=21\"]}]},{\"@type\":\"BreadcrumbList\",\"@id\":\"https:\/\/dnaconteudo.com\/?page_id=21#breadcrumb\",\"itemListElement\":[{\"@type\":\"ListItem\",\"position\":1,\"name\":\"In\u00edcio\",\"item\":\"https:\/\/dnaconteudo.com\/\"},{\"@type\":\"ListItem\",\"position\":2,\"name\":\"Blog\"}]},{\"@type\":\"WebSite\",\"@id\":\"https:\/\/dnaconteudo.com\/#website\",\"url\":\"https:\/\/dnaconteudo.com\/\",\"name\":\"DNA Conte\u00fado\",\"description\":\"Somos especialistas em Edutainment: unimos conte\u00fado e entretenimento em formatos essencialmente inovadores e pensados para cada estrat\u00e9gia ou necessidade de aprendizagem.\",\"potentialAction\":[{\"@type\":\"SearchAction\",\"target\":{\"@type\":\"EntryPoint\",\"urlTemplate\":\"https:\/\/dnaconteudo.com\/?s={search_term_string}\"},\"query-input\":\"required name=search_term_string\"}],\"inLanguage\":\"pt-BR\"}]}<\/script>\n<!-- \/ Yoast SEO plugin. -->","yoast_head_json":{"title":"Blog - DNA Conte\u00fado","robots":{"index":"index","follow":"follow","max-snippet":"max-snippet:-1","max-image-preview":"max-image-preview:large","max-video-preview":"max-video-preview:-1"},"canonical":"https:\/\/dnaconteudo.com\/?page_id=21","og_locale":"pt_BR","og_type":"article","og_title":"Blog - DNA Conte\u00fado","og_url":"https:\/\/dnaconteudo.com\/?page_id=21","og_site_name":"DNA Conte\u00fado","article_modified_time":"2020-09-16T10:59:35+00:00","twitter_card":"summary_large_image","schema":{"@context":"https:\/\/schema.org","@graph":[{"@type":"WebPage","@id":"https:\/\/dnaconteudo.com\/?page_id=21","url":"https:\/\/dnaconteudo.com\/?page_id=21","name":"Blog - DNA Conte\u00fado","isPartOf":{"@id":"https:\/\/dnaconteudo.com\/#website"},"datePublished":"2020-08-19T12:53:49+00:00","dateModified":"2020-09-16T10:59:35+00:00","breadcrumb":{"@id":"https:\/\/dnaconteudo.com\/?page_id=21#breadcrumb"},"inLanguage":"pt-BR","potentialAction":[{"@type":"ReadAction","target":["https:\/\/dnaconteudo.com\/?page_id=21"]}]},{"@type":"BreadcrumbList","@id":"https:\/\/dnaconteudo.com\/?page_id=21#breadcrumb","itemListElement":[{"@type":"ListItem","position":1,"name":"In\u00edcio","item":"https:\/\/dnaconteudo.com\/"},{"@type":"ListItem","position":2,"name":"Blog"}]},{"@type":"WebSite","@id":"https:\/\/dnaconteudo.com\/#website","url":"https:\/\/dnaconteudo.com\/","name":"DNA Conte\u00fado","description":"Somos especialistas em Edutainment: unimos conte\u00fado e entretenimento em formatos essencialmente inovadores e pensados para cada estrat\u00e9gia ou necessidade de aprendizagem.","potentialAction":[{"@type":"SearchAction","target":{"@type":"EntryPoint","urlTemplate":"https:\/\/dnaconteudo.com\/?s={search_term_string}"},"query-input":"required name=search_term_string"}],"inLanguage":"pt-BR"}]}},"_links":{"self":[{"href":"https:\/\/www.dnaconteudo.com\/index.php?rest_route=\/wp\/v2\/pages\/21","targetHints":{"allow":["GET"]}}],"collection":[{"href":"https:\/\/www.dnaconteudo.com\/index.php?rest_route=\/wp\/v2\/pages"}],"about":[{"href":"https:\/\/www.dnaconteudo.com\/index.php?rest_route=\/wp\/v2\/types\/page"}],"author":[{"embeddable":true,"href":"https:\/\/www.dnaconteudo.com\/index.php?rest_route=\/wp\/v2\/users\/1"}],"replies":[{"embeddable":true,"href":"https:\/\/www.dnaconteudo.com\/index.php?rest_route=%2Fwp%2Fv2%2Fcomments&post=21"}],"version-history":[{"count":6,"href":"https:\/\/www.dnaconteudo.com\/index.php?rest_route=\/wp\/v2\/pages\/21\/revisions"}],"predecessor-version":[{"id":422,"href":"https:\/\/www.dnaconteudo.com\/index.php?rest_route=\/wp\/v2\/pages\/21\/revisions\/422"}],"wp:attachment":[{"href":"https:\/\/www.dnaconteudo.com\/index.php?rest_route=%2Fwp%2Fv2%2Fmedia&parent=21"}],"curies":[{"name":"wp","href":"https:\/\/api.w.org\/{rel}","templated":true}]}}